{"id":3602,"date":"2026-03-31T11:34:22","date_gmt":"2026-03-31T11:34:22","guid":{"rendered":"https:\/\/strange-cerf.93-93-118-120.plesk.page\/?post_type=product&#038;p=3602"},"modified":"2026-03-31T11:34:22","modified_gmt":"2026-03-31T11:34:22","slug":"tratamiento-anticristalizacion-adblue-auxol-025l","status":"publish","type":"product","link":"https:\/\/strange-cerf.93-93-118-120.plesk.page\/index.php\/product\/tratamiento-anticristalizacion-adblue-auxol-025l\/","title":{"rendered":"Tratamiento anticristalizaci\u00f3n Adblue Auxol &#8211; 0,25L"},"content":{"rendered":"<p>Producto que tiene doble acci\u00f3n:<\/p>\n<p>&#8211; Previene la obturaci\u00f3n del inyector de adblue<\/p>\n<p>&#8211; Previene la formaci\u00f3n de residuos en el filtro y limpia el inyector adblue.<\/p>\n<p>Mantiene el correcto funcionamiento del sistema SCR (inyector y filtro) evitando las fugas derivadas de una mala inyecci\u00f3n.<\/p>\n<p>Envase de 250 ml= 10 dosis. Se recomienda 1 dosis 25 ml por cada 10L de Adblue.<\/p>\n","protected":false},"excerpt":{"rendered":"<div id=\"product-description-short-1042\" class=\"product-desc\">\n<p>Producto que tiene doble acci\u00f3n, para prevenir la obturaci\u00f3 del inyector de adblue y previene la formaci\u00f3n de residuos en el filtro y limpia el inyector adblue.<\/p>\n<\/div>\n<div class=\"product-actions\">\n<form id=\"add-to-cart-or-refresh\" action=\"https:\/\/aceitebaratoparamotor.com\/carrito\" method=\"post\">\n<div class=\"product-variants\">\n<div class=\"clearfix product-variants-item\"><\/div>\n<\/div>\n<\/form>\n<\/div>\n","protected":false},"featured_media":3603,"comment_status":"open","ping_status":"closed","template":"","meta":[],"product_brand":[201],"product_cat":[178],"product_tag":[],"class_list":{"0":"post-3602","1":"product","2":"type-product","3":"status-publish","4":"has-post-thumbnail","6":"product_brand-auxol-aditivos","7":"product_cat-aditivos","9":"first","10":"instock","11":"shipping-taxable","12":"purchasable","13":"product-type-simple"},"jetpack_sharing_enabled":true,"_links":{"self":[{"href":"https:\/\/strange-cerf.93-93-118-120.plesk.page\/index.php\/wp-json\/wp\/v2\/product\/3602","targetHints":{"allow":["GET"]}}],"collection":[{"href":"https:\/\/strange-cerf.93-93-118-120.plesk.page\/index.php\/wp-json\/wp\/v2\/product"}],"about":[{"href":"https:\/\/strange-cerf.93-93-118-120.plesk.page\/index.php\/wp-json\/wp\/v2\/types\/product"}],"replies":[{"embeddable":true,"href":"https:\/\/strange-cerf.93-93-118-120.plesk.page\/index.php\/wp-json\/wp\/v2\/comments?post=3602"}],"wp:featuredmedia":[{"embeddable":true,"href":"https:\/\/strange-cerf.93-93-118-120.plesk.page\/index.php\/wp-json\/wp\/v2\/media\/3603"}],"wp:attachment":[{"href":"https:\/\/strange-cerf.93-93-118-120.plesk.page\/index.php\/wp-json\/wp\/v2\/media?parent=3602"}],"wp:term":[{"taxonomy":"product_brand","embeddable":true,"href":"https:\/\/strange-cerf.93-93-118-120.plesk.page\/index.php\/wp-json\/wp\/v2\/product_brand?post=3602"},{"taxonomy":"product_cat","embeddable":true,"href":"https:\/\/strange-cerf.93-93-118-120.plesk.page\/index.php\/wp-json\/wp\/v2\/product_cat?post=3602"},{"taxonomy":"product_tag","embeddable":true,"href":"https:\/\/strange-cerf.93-93-118-120.plesk.page\/index.php\/wp-json\/wp\/v2\/product_tag?post=3602"}],"curies":[{"name":"wp","href":"https:\/\/api.w.org\/{rel}","templated":true}]}}