{"id":3600,"date":"2026-03-31T11:30:51","date_gmt":"2026-03-31T11:30:51","guid":{"rendered":"https:\/\/strange-cerf.93-93-118-120.plesk.page\/?post_type=product&#038;p=3600"},"modified":"2026-03-31T11:35:05","modified_gmt":"2026-03-31T11:35:05","slug":"tetralube-tratamiento-pre-itv-gasolina-04l","status":"publish","type":"product","link":"https:\/\/strange-cerf.93-93-118-120.plesk.page\/index.php\/product\/tetralube-tratamiento-pre-itv-gasolina-04l\/","title":{"rendered":"Tetralube Tratamiento Pre-itv Gasolina &#8211; 0,4L"},"content":{"rendered":"<p>Mejora r\u00e1pidamente todo el proceso de combusti\u00f3n, reduciendo considerablemente con ello las emisiones de escape.<\/p>\n<p>Dise\u00f1ado para para limpiar y proteger todo el sistema de combustible, controlar la corrosi\u00f3n y el \u00f3xido del mismo. Adem\u00e1s compensa el bajo efecto lubricante causado por los carburantes pobres en azufre con un exclusivo Agente Antifricci\u00f3n.<br \/>\nReduce de forma dr\u00e1stica la emisi\u00f3n de gases y humos negros de escape hasta en un 40%.<\/p>\n<p>Protege todo el sistema de combustible contra el desgaste, los dep\u00f3sitos y la corrosi\u00f3n.<br \/>\nOptimiza el funcionamiento del motor y evita la p\u00e9rdida de potencia.<br \/>\nElimina y previene los dep\u00f3sitos en el carburador, las v\u00e1lvulas, las buj\u00edas y la c\u00e1mara de combusti\u00f3n<\/p>\n","protected":false},"excerpt":{"rendered":"<p>Tratamiento para\u00a0<strong>superar las inspecciones de gases de escape ITV.<\/strong><\/p>\n","protected":false},"featured_media":3601,"comment_status":"open","ping_status":"closed","template":"","meta":[],"product_brand":[240],"product_cat":[178],"product_tag":[],"class_list":{"0":"post-3600","1":"product","2":"type-product","3":"status-publish","4":"has-post-thumbnail","6":"product_brand-tetralube","7":"product_cat-aditivos","9":"first","10":"instock","11":"shipping-taxable","12":"purchasable","13":"product-type-simple"},"jetpack_sharing_enabled":true,"_links":{"self":[{"href":"https:\/\/strange-cerf.93-93-118-120.plesk.page\/index.php\/wp-json\/wp\/v2\/product\/3600","targetHints":{"allow":["GET"]}}],"collection":[{"href":"https:\/\/strange-cerf.93-93-118-120.plesk.page\/index.php\/wp-json\/wp\/v2\/product"}],"about":[{"href":"https:\/\/strange-cerf.93-93-118-120.plesk.page\/index.php\/wp-json\/wp\/v2\/types\/product"}],"replies":[{"embeddable":true,"href":"https:\/\/strange-cerf.93-93-118-120.plesk.page\/index.php\/wp-json\/wp\/v2\/comments?post=3600"}],"wp:featuredmedia":[{"embeddable":true,"href":"https:\/\/strange-cerf.93-93-118-120.plesk.page\/index.php\/wp-json\/wp\/v2\/media\/3601"}],"wp:attachment":[{"href":"https:\/\/strange-cerf.93-93-118-120.plesk.page\/index.php\/wp-json\/wp\/v2\/media?parent=3600"}],"wp:term":[{"taxonomy":"product_brand","embeddable":true,"href":"https:\/\/strange-cerf.93-93-118-120.plesk.page\/index.php\/wp-json\/wp\/v2\/product_brand?post=3600"},{"taxonomy":"product_cat","embeddable":true,"href":"https:\/\/strange-cerf.93-93-118-120.plesk.page\/index.php\/wp-json\/wp\/v2\/product_cat?post=3600"},{"taxonomy":"product_tag","embeddable":true,"href":"https:\/\/strange-cerf.93-93-118-120.plesk.page\/index.php\/wp-json\/wp\/v2\/product_tag?post=3600"}],"curies":[{"name":"wp","href":"https:\/\/api.w.org\/{rel}","templated":true}]}}