{"id":3597,"date":"2026-03-31T11:29:59","date_gmt":"2026-03-31T11:29:59","guid":{"rendered":"https:\/\/strange-cerf.93-93-118-120.plesk.page\/?post_type=product&#038;p=3597"},"modified":"2026-03-31T11:29:59","modified_gmt":"2026-03-31T11:29:59","slug":"tetralube-tratamiento-pre-itv-diesel-04l","status":"publish","type":"product","link":"https:\/\/strange-cerf.93-93-118-120.plesk.page\/index.php\/product\/tetralube-tratamiento-pre-itv-diesel-04l\/","title":{"rendered":"Tetralube Tratamiento Pre-itv Diesel &#8211; 0,4L"},"content":{"rendered":"<p>Tratamiento especialmente ideado para superar las inspecciones de gases de escape ITV.<\/p>\n<p>Reduce las emisiones contaminantes emitidas por combustibles diesel y biodiesel.<\/p>\n<p>Es un poderoso mejorador de la combusti\u00f3n de efecto catal\u00edtico, acelera la<\/p>\n<p>velocidad de combusti\u00f3n permitiendo quemar de forma efectiva gran parte la generaci\u00f3n de humos t\u00f3xicos producidas durante la combusti\u00f3n y reduce en un 45% la emisiones nocivas de escape.<\/p>\n","protected":false},"excerpt":{"rendered":"<p>Tratamiento para superar las inspecciones de gases de escape ITV.<\/p>\n","protected":false},"featured_media":3598,"comment_status":"open","ping_status":"closed","template":"","meta":[],"product_brand":[240],"product_cat":[178],"product_tag":[],"class_list":{"0":"post-3597","1":"product","2":"type-product","3":"status-publish","4":"has-post-thumbnail","6":"product_brand-tetralube","7":"product_cat-aditivos","9":"first","10":"instock","11":"shipping-taxable","12":"purchasable","13":"product-type-simple"},"jetpack_sharing_enabled":true,"_links":{"self":[{"href":"https:\/\/strange-cerf.93-93-118-120.plesk.page\/index.php\/wp-json\/wp\/v2\/product\/3597","targetHints":{"allow":["GET"]}}],"collection":[{"href":"https:\/\/strange-cerf.93-93-118-120.plesk.page\/index.php\/wp-json\/wp\/v2\/product"}],"about":[{"href":"https:\/\/strange-cerf.93-93-118-120.plesk.page\/index.php\/wp-json\/wp\/v2\/types\/product"}],"replies":[{"embeddable":true,"href":"https:\/\/strange-cerf.93-93-118-120.plesk.page\/index.php\/wp-json\/wp\/v2\/comments?post=3597"}],"wp:featuredmedia":[{"embeddable":true,"href":"https:\/\/strange-cerf.93-93-118-120.plesk.page\/index.php\/wp-json\/wp\/v2\/media\/3598"}],"wp:attachment":[{"href":"https:\/\/strange-cerf.93-93-118-120.plesk.page\/index.php\/wp-json\/wp\/v2\/media?parent=3597"}],"wp:term":[{"taxonomy":"product_brand","embeddable":true,"href":"https:\/\/strange-cerf.93-93-118-120.plesk.page\/index.php\/wp-json\/wp\/v2\/product_brand?post=3597"},{"taxonomy":"product_cat","embeddable":true,"href":"https:\/\/strange-cerf.93-93-118-120.plesk.page\/index.php\/wp-json\/wp\/v2\/product_cat?post=3597"},{"taxonomy":"product_tag","embeddable":true,"href":"https:\/\/strange-cerf.93-93-118-120.plesk.page\/index.php\/wp-json\/wp\/v2\/product_tag?post=3597"}],"curies":[{"name":"wp","href":"https:\/\/api.w.org\/{rel}","templated":true}]}}