{"id":3593,"date":"2026-03-31T11:28:17","date_gmt":"2026-03-31T11:28:17","guid":{"rendered":"https:\/\/strange-cerf.93-93-118-120.plesk.page\/?post_type=product&#038;p=3593"},"modified":"2026-03-31T11:28:18","modified_gmt":"2026-03-31T11:28:18","slug":"tetralube-tratamiento-antifriccion","status":"publish","type":"product","link":"https:\/\/strange-cerf.93-93-118-120.plesk.page\/index.php\/product\/tetralube-tratamiento-antifriccion\/","title":{"rendered":"Tetralube Tratamiento Antifriccion"},"content":{"rendered":"<p>El\u00a0<strong>Tratamiento Anti-fricci\u00f3n<\/strong>, es la respuesta definitiva para todos los problemas mec\u00e1nicos de fricci\u00f3n.<br \/>\nEst\u00e1 especialmente formulado para sistemas de lubricaci\u00f3n donde se requiere una protecci\u00f3n m\u00e1xima contra, extremas presiones, desgastes por fricci\u00f3n metal-metal y altas temperaturas, sin importar el grado de exigencia de las mismas, el resultado siempre ser\u00e1 \u00f3ptimo.<br \/>\n<strong>El tratamiento anti-fricci\u00f3n Tetralube no es un lubricante ni un aditivo, no modifica\u00a0las caracter\u00edsticas t\u00e9cnicas de los lubricantes, utiliza el lubricante como veh\u00edculo\u00a0conductor para acceder a las partes met\u00e1licas protegi\u00e9ndolas durante largos\u00a0periodos de tiempo sin perder su efecto en los cambios de aceite.<\/strong><\/p>\n<p><strong>No contiene ning\u00fan tipo de part\u00edculas solidas en su composici\u00f3n, como por ejemplo: Tefl\u00f3n\u00ae, Molibdeno, grafito, cer\u00e1mica, silicio, etc.<br \/>\nTampoco contiene \u00e1cidos, cloro o ning\u00fan otro tipo de derivado del cloro ni agente corrosivo.<br \/>\nNo da\u00f1a, desgasta, envejece ni corroe los componentes del motor, no deja residuos s\u00f3lidos ni lodos.<\/strong><\/p>\n","protected":false},"excerpt":{"rendered":"<p>Tratamiento anti-friccion Tetralube<\/p>\n<p>Formulado para sistemas de lubricaci\u00f3n donde se requiere una protecci\u00f3n m\u00e1xima contra presiones extremas, desgastes por friccion metal-metal, y elevadas temperaturas.<\/p>\n","protected":false},"featured_media":3596,"comment_status":"open","ping_status":"closed","template":"","meta":[],"product_brand":[240],"product_cat":[178],"product_tag":[],"class_list":{"0":"post-3593","1":"product","2":"type-product","3":"status-publish","4":"has-post-thumbnail","6":"product_brand-tetralube","7":"product_cat-aditivos","9":"first","10":"instock","11":"shipping-taxable","12":"purchasable","13":"product-type-variable"},"jetpack_sharing_enabled":true,"_links":{"self":[{"href":"https:\/\/strange-cerf.93-93-118-120.plesk.page\/index.php\/wp-json\/wp\/v2\/product\/3593","targetHints":{"allow":["GET"]}}],"collection":[{"href":"https:\/\/strange-cerf.93-93-118-120.plesk.page\/index.php\/wp-json\/wp\/v2\/product"}],"about":[{"href":"https:\/\/strange-cerf.93-93-118-120.plesk.page\/index.php\/wp-json\/wp\/v2\/types\/product"}],"replies":[{"embeddable":true,"href":"https:\/\/strange-cerf.93-93-118-120.plesk.page\/index.php\/wp-json\/wp\/v2\/comments?post=3593"}],"wp:featuredmedia":[{"embeddable":true,"href":"https:\/\/strange-cerf.93-93-118-120.plesk.page\/index.php\/wp-json\/wp\/v2\/media\/3596"}],"wp:attachment":[{"href":"https:\/\/strange-cerf.93-93-118-120.plesk.page\/index.php\/wp-json\/wp\/v2\/media?parent=3593"}],"wp:term":[{"taxonomy":"product_brand","embeddable":true,"href":"https:\/\/strange-cerf.93-93-118-120.plesk.page\/index.php\/wp-json\/wp\/v2\/product_brand?post=3593"},{"taxonomy":"product_cat","embeddable":true,"href":"https:\/\/strange-cerf.93-93-118-120.plesk.page\/index.php\/wp-json\/wp\/v2\/product_cat?post=3593"},{"taxonomy":"product_tag","embeddable":true,"href":"https:\/\/strange-cerf.93-93-118-120.plesk.page\/index.php\/wp-json\/wp\/v2\/product_tag?post=3593"}],"curies":[{"name":"wp","href":"https:\/\/api.w.org\/{rel}","templated":true}]}}