{"id":3176,"date":"2026-02-26T12:41:43","date_gmt":"2026-02-26T12:41:43","guid":{"rendered":"https:\/\/strange-cerf.93-93-118-120.plesk.page\/?post_type=product&#038;p=3176"},"modified":"2026-02-26T12:44:12","modified_gmt":"2026-02-26T12:44:12","slug":"castrol-edge-0w20-v","status":"publish","type":"product","link":"https:\/\/strange-cerf.93-93-118-120.plesk.page\/index.php\/product\/castrol-edge-0w20-v\/","title":{"rendered":"Castrol Edge 0w20 V"},"content":{"rendered":"<p class=\"nv-plaintext nv-bodytext\">Castrol EDGE 0W-20 V es adecuado para su uso en motores de gasolina y diesel para autom\u00f3viles, donde el fabricante recomienda un lubricante 0W-20 con especificaci\u00f3n ACEA A1 \/ B1.<\/p>\n<p class=\"nv-plaintext nv-bodytext\">\n<p class=\"nv-plaintext nv-bodytext\">BENEFICIOS:<\/p>\n<p class=\"nv-plaintext nv-bodytext\">Castrol EDGE 0W-20 V le da la confianza para exigir un m\u00e1ximo rendimiento a los actuales motores con la ultima tecnologia, motores de alta ingenier\u00eda que operan con las tolerancias m\u00e1s estrictas, que requieren un alto nivel de protecci\u00f3n y aceites de baja viscosidad.<\/p>\n<p class=\"nv-plaintext nv-bodytext\">\n<p class=\"nv-plaintext nv-bodytext\">CUMPLE O SUPERA LOS EST\u00c1NDARES DE LA INDUSTRIA:<\/p>\n<p class=\"nv-plaintext nv-bodytext\">ACEA A1\/B1<\/p>\n<p class=\"nv-plaintext nv-bodytext\">Volvo VCC RBS0-2AE<\/p>\n","protected":false},"excerpt":{"rendered":"<div id=\"product-description-short-562\" class=\"product-desc\">\n<p class=\"nv-plaintext nv-bodytext\">Castrol EDGE 0W-20 V est\u00e1 aprobado para su uso en veh\u00edculos Volvo que requieran un lubricante con especificaci\u00f3n Volvo VCC RBS0-2AE 0W-20.<\/p>\n<\/div>\n","protected":false},"featured_media":3180,"comment_status":"open","ping_status":"closed","template":"","meta":[],"product_brand":[206],"product_cat":[162,168],"product_tag":[],"class_list":{"0":"post-3176","1":"product","2":"type-product","3":"status-publish","4":"has-post-thumbnail","6":"product_brand-castrol","7":"product_cat-aceite","8":"product_cat-aceite-de-coche","10":"first","11":"instock","12":"shipping-taxable","13":"purchasable","14":"product-type-variable"},"jetpack_sharing_enabled":true,"_links":{"self":[{"href":"https:\/\/strange-cerf.93-93-118-120.plesk.page\/index.php\/wp-json\/wp\/v2\/product\/3176","targetHints":{"allow":["GET"]}}],"collection":[{"href":"https:\/\/strange-cerf.93-93-118-120.plesk.page\/index.php\/wp-json\/wp\/v2\/product"}],"about":[{"href":"https:\/\/strange-cerf.93-93-118-120.plesk.page\/index.php\/wp-json\/wp\/v2\/types\/product"}],"replies":[{"embeddable":true,"href":"https:\/\/strange-cerf.93-93-118-120.plesk.page\/index.php\/wp-json\/wp\/v2\/comments?post=3176"}],"wp:featuredmedia":[{"embeddable":true,"href":"https:\/\/strange-cerf.93-93-118-120.plesk.page\/index.php\/wp-json\/wp\/v2\/media\/3180"}],"wp:attachment":[{"href":"https:\/\/strange-cerf.93-93-118-120.plesk.page\/index.php\/wp-json\/wp\/v2\/media?parent=3176"}],"wp:term":[{"taxonomy":"product_brand","embeddable":true,"href":"https:\/\/strange-cerf.93-93-118-120.plesk.page\/index.php\/wp-json\/wp\/v2\/product_brand?post=3176"},{"taxonomy":"product_cat","embeddable":true,"href":"https:\/\/strange-cerf.93-93-118-120.plesk.page\/index.php\/wp-json\/wp\/v2\/product_cat?post=3176"},{"taxonomy":"product_tag","embeddable":true,"href":"https:\/\/strange-cerf.93-93-118-120.plesk.page\/index.php\/wp-json\/wp\/v2\/product_tag?post=3176"}],"curies":[{"name":"wp","href":"https:\/\/api.w.org\/{rel}","templated":true}]}}